{"id":229,"date":"2026-04-10T16:05:34","date_gmt":"2026-04-10T16:05:34","guid":{"rendered":"https:\/\/proodo.mx\/?page_id=229"},"modified":"2026-04-10T16:51:00","modified_gmt":"2026-04-10T16:51:00","slug":"229-2","status":"publish","type":"page","link":"https:\/\/proodo.mx\/index.php\/229-2\/","title":{"rendered":""},"content":{"rendered":"<p>[et_pb_section fb_built=\u00bb1&#8243; admin_label=\u00bbHeader\u00bb _builder_version=\u00bb4.22.0&#8243; _module_preset=\u00bbdefault\u00bb background_color=\u00bbgcid-a93f2103-1d8b-43bb-b21d-81d84bba8b15&#8243; collapsed=\u00bbon\u00bb global_colors_info=\u00bb{%22gcid-a93f2103-1d8b-43bb-b21d-81d84bba8b15%22:%91%22background_color%22%93}\u00bb theme_builder_area=\u00bbpost_content\u00bb][et_pb_row _builder_version=\u00bb4.24.0&#8243; _module_preset=\u00bbdefault\u00bb max_width=\u00bb1800px\u00bb global_colors_info=\u00bb{}\u00bb theme_builder_area=\u00bbpost_content\u00bb][et_pb_column type=\u00bb4_4&#8243; _builder_version=\u00bb4.22.0&#8243; _module_preset=\u00bbdefault\u00bb global_colors_info=\u00bb{}\u00bb theme_builder_area=\u00bbpost_content\u00bb][et_pb_text _builder_version=\u00bb4.27.6&#8243; _module_preset=\u00bb8291c97b-0ad2-4698-81e2-11eb55a34fff\u00bb text_orientation=\u00bbcenter\u00bb hover_enabled=\u00bb0&#8243; global_colors_info=\u00bb{}\u00bb theme_builder_area=\u00bbpost_content\u00bb sticky_enabled=\u00bb0&#8243;]<\/p>\n<h1>NOSOTROS<\/h1>\n<p>[\/et_pb_text][\/et_pb_column][\/et_pb_row][et_pb_row column_structure=\u00bb1_2,1_2&#8243; _builder_version=\u00bb4.22.0&#8243; _module_preset=\u00bbdefault\u00bb max_width=\u00bb1800px\u00bb global_colors_info=\u00bb{}\u00bb theme_builder_area=\u00bbpost_content\u00bb][et_pb_column type=\u00bb1_2&#8243; _builder_version=\u00bb4.22.0&#8243; _module_preset=\u00bbdefault\u00bb global_colors_info=\u00bb{}\u00bb theme_builder_area=\u00bbpost_content\u00bb][et_pb_image src=\u00bbhttps:\/\/proodo.mx\/wp-content\/uploads\/2026\/04\/renewable-energy-13.jpg\u00bb title_text=\u00bbrenewable-energy-13&#8243; _builder_version=\u00bb4.24.0&#8243; _module_preset=\u00bbdefault\u00bb border_radii=\u00bbon|30px|30px|30px|30px\u00bb global_colors_info=\u00bb{}\u00bb theme_builder_area=\u00bbpost_content\u00bb][\/et_pb_image][\/et_pb_column][et_pb_column type=\u00bb1_2&#8243; _builder_version=\u00bb4.22.0&#8243; _module_preset=\u00bbdefault\u00bb global_colors_info=\u00bb{}\u00bb theme_builder_area=\u00bbpost_content\u00bb][et_pb_text _builder_version=\u00bb4.22.0&#8243; _module_preset=\u00bb02b2b0bb-bd9b-46b0-b22b-8b4438ebf5ce\u00bb global_colors_info=\u00bb{}\u00bb theme_builder_area=\u00bbpost_content\u00bb]<\/p>\n<p class=\"p1\">Fundada en 2019, <b>PR\u00d3ODO (Estructuradora de Nodos Progreso)<\/b> es una organizaci\u00f3n dedicada a impulsar el desarrollo sostenible en las comunidades forestales de M\u00e9xico. Nuestra labor surge para cerrar la brecha entre los proyectos comunitarios y la viabilidad comercial, transform\u00e1ndolos en redes de valor sostenibles, competitivas y plenamente orientadas al mercado.<\/p>\n<p>[\/et_pb_text][et_pb_image src=\u00bbhttps:\/\/proodo.mx\/wp-content\/uploads\/2026\/03\/energy-1-1.jpg\u00bb title_text=\u00bbenergy-1&#8243; _builder_version=\u00bb4.24.0&#8243; _module_preset=\u00bbdefault\u00bb width=\u00bb50%\u00bb border_radii=\u00bbon|30px|30px|30px|30px\u00bb global_colors_info=\u00bb{}\u00bb theme_builder_area=\u00bbpost_content\u00bb][\/et_pb_image][\/et_pb_column][\/et_pb_row][\/et_pb_section][et_pb_section fb_built=\u00bb1&#8243; admin_label=\u00bbVideo\u00bb _builder_version=\u00bb4.27.6&#8243; _module_preset=\u00bbdefault\u00bb hover_enabled=\u00bb0&#8243; collapsed=\u00bbon\u00bb global_colors_info=\u00bb{}\u00bb theme_builder_area=\u00bbpost_content\u00bb sticky_enabled=\u00bb0&#8243; custom_padding=\u00bb6px|||||\u00bb][et_pb_row column_structure=\u00bb2_3,1_3&#8243; _builder_version=\u00bb4.22.0&#8243; _module_preset=\u00bbdefault\u00bb max_width=\u00bb1800px\u00bb locked=\u00bboff\u00bb global_colors_info=\u00bb{}\u00bb theme_builder_area=\u00bbpost_content\u00bb][et_pb_column type=\u00bb2_3&#8243; _builder_version=\u00bb4.22.0&#8243; _module_preset=\u00bbdefault\u00bb global_colors_info=\u00bb{}\u00bb theme_builder_area=\u00bbpost_content\u00bb][et_pb_text _builder_version=\u00bb4.22.0&#8243; _module_preset=\u00bbb533629f-3b47-401a-b2fc-fc93ac5edbf4&#8243; global_colors_info=\u00bb{}\u00bb theme_builder_area=\u00bbpost_content\u00bb]<\/p>\n<h2>PROPOSITO<\/h2>\n<p>&nbsp;<\/p>\n<p class=\"p1\"><strong>Promover el desarrollo sostenible de bosques y selvas de M\u00e9xico, generando bienestar social, econ\u00f3mico y ambiental.<\/strong><\/p>\n<p>[\/et_pb_text][\/et_pb_column][et_pb_column type=\u00bb1_3&#8243; _builder_version=\u00bb4.22.0&#8243; _module_preset=\u00bbdefault\u00bb global_colors_info=\u00bb{}\u00bb theme_builder_area=\u00bbpost_content\u00bb][et_pb_text _builder_version=\u00bb4.22.0&#8243; _module_preset=\u00bb02b2b0bb-bd9b-46b0-b22b-8b4438ebf5ce\u00bb global_colors_info=\u00bb{}\u00bb theme_builder_area=\u00bbpost_content\u00bb]<\/p>\n<p class=\"p1\">Llevamos soluciones t\u00e9cnicas y financieras a donde m\u00e1s se necesitan. Colaboramos con instituciones de alto nivel en la operaci\u00f3n de fondos y estrategias de mercado que profesionalizan la actividad forestal en M\u00e9xico. Nuestro enfoque une el rigor t\u00e9cnico con el conocimiento local, asegurando que el desarrollo sostenible eleve la calidad de vida de quienes habitan y protegen las regiones forestales de M\u00e9xico.\u00bb<\/p>\n<p>[\/et_pb_text][et_pb_button button_text=\u00bbView Services\u00bb _builder_version=\u00bb4.27.6&#8243; _module_preset=\u00bb513b654d-7116-4faa-85fd-78229fcb51b4&#8243; hover_enabled=\u00bb0&#8243; global_colors_info=\u00bb{}\u00bb theme_builder_area=\u00bbpost_content\u00bb custom_button=\u00bboff\u00bb sticky_enabled=\u00bb0&#8243;][\/et_pb_button][\/et_pb_column][\/et_pb_row][et_pb_row _builder_version=\u00bb4.27.6&#8243; _module_preset=\u00bbdefault\u00bb theme_builder_area=\u00bbpost_content\u00bb][et_pb_column _builder_version=\u00bb4.27.6&#8243; _module_preset=\u00bbdefault\u00bb type=\u00bb4_4&#8243; theme_builder_area=\u00bbpost_content\u00bb][et_pb_divider _builder_version=\u00bb4.27.6&#8243; _module_preset=\u00bbdefault\u00bb theme_builder_area=\u00bbpost_content\u00bb hover_enabled=\u00bb0&#8243; sticky_enabled=\u00bb0&#8243;][\/et_pb_divider][\/et_pb_column][\/et_pb_row][\/et_pb_section][et_pb_section fb_built=\u00bb1&#8243; admin_label=\u00bbMission\u00bb _builder_version=\u00bb4.22.0&#8243; _module_preset=\u00bbdefault\u00bb collapsed=\u00bbon\u00bb global_colors_info=\u00bb{}\u00bb theme_builder_area=\u00bbpost_content\u00bb][et_pb_row column_structure=\u00bb3_5,2_5&#8243; _builder_version=\u00bb4.24.0&#8243; _module_preset=\u00bbdefault\u00bb max_width=\u00bb1800px\u00bb global_colors_info=\u00bb{}\u00bb theme_builder_area=\u00bbpost_content\u00bb][et_pb_column type=\u00bb3_5&#8243; _builder_version=\u00bb4.24.0&#8243; _module_preset=\u00bbdefault\u00bb custom_padding=\u00bb|15%|||false|false\u00bb custom_padding_tablet=\u00bb|0%|||false|false\u00bb custom_padding_phone=\u00bb\u00bb custom_padding_last_edited=\u00bbon|tablet\u00bb global_colors_info=\u00bb{}\u00bb theme_builder_area=\u00bbpost_content\u00bb][et_pb_text _builder_version=\u00bb4.22.0&#8243; _module_preset=\u00bbb533629f-3b47-401a-b2fc-fc93ac5edbf4&#8243; custom_margin=\u00bb||10px||false|false\u00bb global_colors_info=\u00bb{}\u00bb theme_builder_area=\u00bbpost_content\u00bb]<\/p>\n<h2>Misi\u00f3n<\/h2>\n<p>[\/et_pb_text][et_pb_text _builder_version=\u00bb4.24.0&#8243; _module_preset=\u00bb02b2b0bb-bd9b-46b0-b22b-8b4438ebf5ce\u00bb global_colors_info=\u00bb{}\u00bb theme_builder_area=\u00bbpost_content\u00bb]<\/p>\n<p class=\"p1\">Dise\u00f1ar e implementar soluciones mediante instrumentos innovadores de planeaci\u00f3n, financiamiento y gobernanza que reduzcan riesgos, fortalezcan capacidades locales y desarrollen proyectos sostenibles en el sector forestal, alineados con los Objetivos de Desarrollo Sostenible (ODS).<\/p>\n<p>[\/et_pb_text][\/et_pb_column][et_pb_column type=\u00bb2_5&#8243; _builder_version=\u00bb4.22.0&#8243; _module_preset=\u00bbdefault\u00bb global_colors_info=\u00bb{}\u00bb theme_builder_area=\u00bbpost_content\u00bb][et_pb_image src=\u00bbhttps:\/\/proodo.mx\/wp-content\/uploads\/2026\/04\/FOT2.jpg\u00bb title_text=\u00bbFOT2&#8243; _builder_version=\u00bb4.27.6&#8243; _module_preset=\u00bbdefault\u00bb width=\u00bb85%\u00bb custom_margin=\u00bb||48px||false|false\u00bb hover_enabled=\u00bb0&#8243; border_radii=\u00bbon|30px|30px|30px|30px\u00bb locked=\u00bboff\u00bb global_colors_info=\u00bb{}\u00bb theme_builder_area=\u00bbpost_content\u00bb min_height=\u00bb250px\u00bb sticky_enabled=\u00bb0&#8243;][\/et_pb_image][\/et_pb_column][\/et_pb_row][et_pb_row column_structure=\u00bb3_5,2_5&#8243; _builder_version=\u00bb4.24.0&#8243; _module_preset=\u00bbdefault\u00bb max_width=\u00bb1800px\u00bb global_colors_info=\u00bb{}\u00bb theme_builder_area=\u00bbpost_content\u00bb][et_pb_column type=\u00bb3_5&#8243; _builder_version=\u00bb4.24.0&#8243; _module_preset=\u00bbdefault\u00bb custom_padding=\u00bb|15%|||false|false\u00bb custom_padding_tablet=\u00bb|0%|||false|false\u00bb custom_padding_phone=\u00bb\u00bb custom_padding_last_edited=\u00bbon|tablet\u00bb global_colors_info=\u00bb{}\u00bb theme_builder_area=\u00bbpost_content\u00bb][et_pb_text _builder_version=\u00bb4.22.0&#8243; _module_preset=\u00bbb533629f-3b47-401a-b2fc-fc93ac5edbf4&#8243; custom_margin=\u00bb||10px||false|false\u00bb global_colors_info=\u00bb{}\u00bb theme_builder_area=\u00bbpost_content\u00bb]<\/p>\n<h2>Visi\u00f3n<\/h2>\n<p>[\/et_pb_text][et_pb_text _builder_version=\u00bb4.24.0&#8243; _module_preset=\u00bb02b2b0bb-bd9b-46b0-b22b-8b4438ebf5ce\u00bb global_colors_info=\u00bb{}\u00bb theme_builder_area=\u00bbpost_content\u00bb custom_padding=\u00bb||0px|||\u00bb]<\/p>\n<p class=\"p1\">Ser una organizaci\u00f3n referente en el fortalecimiento de empresas forestales comunitarias, contribuyendo a la reducci\u00f3n de la pobreza y al desarrollo de econom\u00edas locales sostenibles en territorios forestales.<\/p>\n<p>[\/et_pb_text][\/et_pb_column][et_pb_column type=\u00bb2_5&#8243; _builder_version=\u00bb4.22.0&#8243; _module_preset=\u00bbdefault\u00bb global_colors_info=\u00bb{}\u00bb theme_builder_area=\u00bbpost_content\u00bb][et_pb_image src=\u00bbhttps:\/\/proodo.mx\/wp-content\/uploads\/2026\/04\/FOT1.jpg\u00bb title_text=\u00bbFOT1&#8243; _builder_version=\u00bb4.27.6&#8243; _module_preset=\u00bbdefault\u00bb width=\u00bb85%\u00bb custom_margin=\u00bb||39px||false|false\u00bb hover_enabled=\u00bb0&#8243; border_radii=\u00bbon|30px|30px|30px|30px\u00bb locked=\u00bboff\u00bb global_colors_info=\u00bb{}\u00bb theme_builder_area=\u00bbpost_content\u00bb sticky_enabled=\u00bb0&#8243; min_height=\u00bb143px\u00bb][\/et_pb_image][\/et_pb_column][\/et_pb_row][et_pb_row column_structure=\u00bb3_5,2_5&#8243; _builder_version=\u00bb4.24.0&#8243; _module_preset=\u00bbdefault\u00bb max_width=\u00bb1800px\u00bb global_colors_info=\u00bb{}\u00bb theme_builder_area=\u00bbpost_content\u00bb][et_pb_column type=\u00bb3_5&#8243; _builder_version=\u00bb4.24.0&#8243; _module_preset=\u00bbdefault\u00bb custom_padding=\u00bb|15%|||false|false\u00bb custom_padding_tablet=\u00bb|0%|||false|false\u00bb custom_padding_phone=\u00bb\u00bb custom_padding_last_edited=\u00bbon|tablet\u00bb global_colors_info=\u00bb{}\u00bb theme_builder_area=\u00bbpost_content\u00bb][et_pb_text _builder_version=\u00bb4.22.0&#8243; _module_preset=\u00bbb533629f-3b47-401a-b2fc-fc93ac5edbf4&#8243; custom_margin=\u00bb||10px||false|false\u00bb global_colors_info=\u00bb{}\u00bb theme_builder_area=\u00bbpost_content\u00bb]<\/p>\n<h2>Valores<\/h2>\n<p>[\/et_pb_text][et_pb_text _builder_version=\u00bb4.24.0&#8243; _module_preset=\u00bb02b2b0bb-bd9b-46b0-b22b-8b4438ebf5ce\u00bb global_colors_info=\u00bb{}\u00bb theme_builder_area=\u00bbpost_content\u00bb custom_padding=\u00bb||0px|||\u00bb]<\/p>\n<ul class=\"ul1\">\n<li class=\"li1\"><span class=\"s1\"><\/span><b>Compromiso territorial:<\/b> respeto a comunidades y ecosistemas.<\/li>\n<li class=\"li1\"><span class=\"s1\"><\/span><b>Transparencia y rigor t\u00e9cnico:<\/b> decisiones basadas en evidencia.<\/li>\n<li class=\"li1\"><span class=\"s1\"><\/span><b>Orientaci\u00f3n a resultados: <\/b>priorizamos soluciones viables que generen impacto medible.<\/li>\n<li class=\"li1\"><span class=\"s1\"><\/span><b>Construcci\u00f3n de alianzas. <\/b>Articulaci\u00f3n estrat\u00e9gica entre actores.<\/li>\n<li class=\"li1\"><span class=\"s1\"><\/span><b>Innovaci\u00f3n aplicada. <\/b>Desarrollamos soluciones practicas y adaptadas al contexto para responder a retos complejos.<\/li>\n<\/ul>\n<p class=\"p1\">\n<p>[\/et_pb_text][\/et_pb_column][et_pb_column type=\u00bb2_5&#8243; _builder_version=\u00bb4.22.0&#8243; _module_preset=\u00bbdefault\u00bb global_colors_info=\u00bb{}\u00bb theme_builder_area=\u00bbpost_content\u00bb][et_pb_image src=\u00bbhttps:\/\/proodo.mx\/wp-content\/uploads\/2026\/03\/gardener-09.jpg\u00bb title_text=\u00bbgardener-09&#8243; _builder_version=\u00bb4.27.6&#8243; _module_preset=\u00bbdefault\u00bb width=\u00bb85%\u00bb custom_margin=\u00bb||39px||false|false\u00bb hover_enabled=\u00bb0&#8243; border_radii=\u00bbon|30px|30px|30px|30px\u00bb locked=\u00bboff\u00bb global_colors_info=\u00bb{}\u00bb theme_builder_area=\u00bbpost_content\u00bb sticky_enabled=\u00bb0&#8243; min_height=\u00bb143px\u00bb][\/et_pb_image][\/et_pb_column][\/et_pb_row][et_pb_row _builder_version=\u00bb4.27.6&#8243; _module_preset=\u00bbdefault\u00bb theme_builder_area=\u00bbpost_content\u00bb][et_pb_column _builder_version=\u00bb4.27.6&#8243; _module_preset=\u00bbdefault\u00bb type=\u00bb4_4&#8243; theme_builder_area=\u00bbpost_content\u00bb][et_pb_divider _builder_version=\u00bb4.27.6&#8243; _module_preset=\u00bbdefault\u00bb theme_builder_area=\u00bbpost_content\u00bb hover_enabled=\u00bb0&#8243; sticky_enabled=\u00bb0&#8243;][\/et_pb_divider][et_pb_text _builder_version=\u00bb4.27.6&#8243; _module_preset=\u00bb8291c97b-0ad2-4698-81e2-11eb55a34fff\u00bb text_orientation=\u00bbcenter\u00bb hover_enabled=\u00bb0&#8243; global_colors_info=\u00bb{}\u00bb theme_builder_area=\u00bbpost_content\u00bb sticky_enabled=\u00bb0&#8243;]<\/p>\n<h1>NOSOTROS<\/h1>\n<p>[\/et_pb_text][\/et_pb_column][\/et_pb_row][\/et_pb_section][et_pb_section fb_built=\u00bb1&#8243; theme_builder_area=\u00bbpost_content\u00bb _builder_version=\u00bb4.27.6&#8243; _module_preset=\u00bbdefault\u00bb hover_enabled=\u00bb0&#8243; sticky_enabled=\u00bb0&#8243; min_height=\u00bb495.6px\u00bb][et_pb_row _builder_version=\u00bb4.27.6&#8243; _module_preset=\u00bbdefault\u00bb theme_builder_area=\u00bbpost_content\u00bb column_structure=\u00bb1_5,1_5,1_5,1_5,1_5&#8243;][et_pb_column _builder_version=\u00bb4.27.6&#8243; _module_preset=\u00bbdefault\u00bb type=\u00bb1_5&#8243; theme_builder_area=\u00bbpost_content\u00bb][et_pb_team_member name=\u00bbRodrigo Quintin Bautista Tejeda\u00bb image_url=\u00bbdata:image\/svg+xml;base64,PHN2ZyB3aWR0aD0iNTAwIiBoZWlnaHQ9IjUwMCIgdmlld0JveD0iMCAwIDUwMCA1MDAiIHhtbG5zPSJodHRwOi8vd3d3LnczLm9yZy8yMDAwL3N2ZyI+CiAgICA8ZyBmaWxsPSJub25lIiBmaWxsLXJ1bGU9ImV2ZW5vZGQiPgogICAgICAgIDxwYXRoIGZpbGw9IiNFQkVCRUIiIGQ9Ik0wIDBoNTAwdjUwMEgweiIvPgogICAgICAgIDxyZWN0IGZpbGwtb3BhY2l0eT0iLjEiIGZpbGw9IiMwMDAiIHg9IjY4IiB5PSIzMDUiIHdpZHRoPSIzNjQiIGhlaWdodD0iNTY4IiByeD0iMTgyIi8+CiAgICAgICAgPGNpcmNsZSBmaWxsLW9wYWNpdHk9Ii4xIiBmaWxsPSIjMDAwIiBjeD0iMjQ5IiBjeT0iMTcyIiByPSIxMDAiLz4KICAgIDwvZz4KPC9zdmc+Cg==\u00bb position=\u00bbDirector | Estrategia y financiamiento sostenible.\u00bb _builder_version=\u00bb4.27.6&#8243; _module_preset=\u00bbdefault\u00bb theme_builder_area=\u00bbpost_content\u00bb hover_enabled=\u00bb0&#8243; sticky_enabled=\u00bb0&#8243; text_orientation=\u00bbcenter\u00bb][\/et_pb_team_member][\/et_pb_column][et_pb_column _builder_version=\u00bb4.27.6&#8243; _module_preset=\u00bbdefault\u00bb type=\u00bb1_5&#8243; theme_builder_area=\u00bbpost_content\u00bb][et_pb_team_member name=\u00bbV\u00edctor Monta\u00f1o P\u00e9rez\u00bb image_url=\u00bbdata:image\/svg+xml;base64,PHN2ZyB3aWR0aD0iNTAwIiBoZWlnaHQ9IjUwMCIgdmlld0JveD0iMCAwIDUwMCA1MDAiIHhtbG5zPSJodHRwOi8vd3d3LnczLm9yZy8yMDAwL3N2ZyI+CiAgICA8ZyBmaWxsPSJub25lIiBmaWxsLXJ1bGU9ImV2ZW5vZGQiPgogICAgICAgIDxwYXRoIGZpbGw9IiNFQkVCRUIiIGQ9Ik0wIDBoNTAwdjUwMEgweiIvPgogICAgICAgIDxyZWN0IGZpbGwtb3BhY2l0eT0iLjEiIGZpbGw9IiMwMDAiIHg9IjY4IiB5PSIzMDUiIHdpZHRoPSIzNjQiIGhlaWdodD0iNTY4IiByeD0iMTgyIi8+CiAgICAgICAgPGNpcmNsZSBmaWxsLW9wYWNpdHk9Ii4xIiBmaWxsPSIjMDAwIiBjeD0iMjQ5IiBjeT0iMTcyIiByPSIxMDAiLz4KICAgIDwvZz4KPC9zdmc+Cg==\u00bb position=\u00bbExperto en emprendimiento | Innovaci\u00f3n y desarrollo econ\u00f3mico.\u00bb _builder_version=\u00bb4.27.6&#8243; _module_preset=\u00bbdefault\u00bb theme_builder_area=\u00bbpost_content\u00bb text_orientation=\u00bbcenter\u00bb hover_enabled=\u00bb0&#8243; sticky_enabled=\u00bb0&#8243;][\/et_pb_team_member][\/et_pb_column][et_pb_column _builder_version=\u00bb4.27.6&#8243; _module_preset=\u00bbdefault\u00bb type=\u00bb1_5&#8243; theme_builder_area=\u00bbpost_content\u00bb][et_pb_team_member name=\u00bbFlor Isela Hern\u00e1ndez Cant\u00fa\u00bb image_url=\u00bbdata:image\/svg+xml;base64,PHN2ZyB3aWR0aD0iNTAwIiBoZWlnaHQ9IjUwMCIgdmlld0JveD0iMCAwIDUwMCA1MDAiIHhtbG5zPSJodHRwOi8vd3d3LnczLm9yZy8yMDAwL3N2ZyI+CiAgICA8ZyBmaWxsPSJub25lIiBmaWxsLXJ1bGU9ImV2ZW5vZGQiPgogICAgICAgIDxwYXRoIGZpbGw9IiNFQkVCRUIiIGQ9Ik0wIDBoNTAwdjUwMEgweiIvPgogICAgICAgIDxyZWN0IGZpbGwtb3BhY2l0eT0iLjEiIGZpbGw9IiMwMDAiIHg9IjY4IiB5PSIzMDUiIHdpZHRoPSIzNjQiIGhlaWdodD0iNTY4IiByeD0iMTgyIi8+CiAgICAgICAgPGNpcmNsZSBmaWxsLW9wYWNpdHk9Ii4xIiBmaWxsPSIjMDAwIiBjeD0iMjQ5IiBjeT0iMTcyIiByPSIxMDAiLz4KICAgIDwvZz4KPC9zdmc+Cg==\u00bb position=\u00bbEspecialista en industria forestal | Cadenas de valor.\u00bb _builder_version=\u00bb4.27.6&#8243; _module_preset=\u00bbdefault\u00bb theme_builder_area=\u00bbpost_content\u00bb text_orientation=\u00bbcenter\u00bb hover_enabled=\u00bb0&#8243; sticky_enabled=\u00bb0&#8243;][\/et_pb_team_member][\/et_pb_column][et_pb_column _builder_version=\u00bb4.27.6&#8243; _module_preset=\u00bbdefault\u00bb type=\u00bb1_5&#8243; theme_builder_area=\u00bbpost_content\u00bb][et_pb_team_member name=\u00bbGonzalo Javier Novelo Quijano\u00bb image_url=\u00bbdata:image\/svg+xml;base64,PHN2ZyB3aWR0aD0iNTAwIiBoZWlnaHQ9IjUwMCIgdmlld0JveD0iMCAwIDUwMCA1MDAiIHhtbG5zPSJodHRwOi8vd3d3LnczLm9yZy8yMDAwL3N2ZyI+CiAgICA8ZyBmaWxsPSJub25lIiBmaWxsLXJ1bGU9ImV2ZW5vZGQiPgogICAgICAgIDxwYXRoIGZpbGw9IiNFQkVCRUIiIGQ9Ik0wIDBoNTAwdjUwMEgweiIvPgogICAgICAgIDxyZWN0IGZpbGwtb3BhY2l0eT0iLjEiIGZpbGw9IiMwMDAiIHg9IjY4IiB5PSIzMDUiIHdpZHRoPSIzNjQiIGhlaWdodD0iNTY4IiByeD0iMTgyIi8+CiAgICAgICAgPGNpcmNsZSBmaWxsLW9wYWNpdHk9Ii4xIiBmaWxsPSIjMDAwIiBjeD0iMjQ5IiBjeT0iMTcyIiByPSIxMDAiLz4KICAgIDwvZz4KPC9zdmc+Cg==\u00bb position=\u00bbEspecialista forestal | Normatividad y mercados de carbono.\u00bb _builder_version=\u00bb4.27.6&#8243; _module_preset=\u00bbdefault\u00bb theme_builder_area=\u00bbpost_content\u00bb text_orientation=\u00bbcenter\u00bb hover_enabled=\u00bb0&#8243; sticky_enabled=\u00bb0&#8243;][\/et_pb_team_member][\/et_pb_column][et_pb_column _builder_version=\u00bb4.27.6&#8243; _module_preset=\u00bbdefault\u00bb type=\u00bb1_5&#8243; theme_builder_area=\u00bbpost_content\u00bb][et_pb_team_member name=\u00bbLissel Hern\u00e1ndez G\u00f3ngora\u00bb image_url=\u00bbdata:image\/svg+xml;base64,PHN2ZyB3aWR0aD0iNTAwIiBoZWlnaHQ9IjUwMCIgdmlld0JveD0iMCAwIDUwMCA1MDAiIHhtbG5zPSJodHRwOi8vd3d3LnczLm9yZy8yMDAwL3N2ZyI+CiAgICA8ZyBmaWxsPSJub25lIiBmaWxsLXJ1bGU9ImV2ZW5vZGQiPgogICAgICAgIDxwYXRoIGZpbGw9IiNFQkVCRUIiIGQ9Ik0wIDBoNTAwdjUwMEgweiIvPgogICAgICAgIDxyZWN0IGZpbGwtb3BhY2l0eT0iLjEiIGZpbGw9IiMwMDAiIHg9IjY4IiB5PSIzMDUiIHdpZHRoPSIzNjQiIGhlaWdodD0iNTY4IiByeD0iMTgyIi8+CiAgICAgICAgPGNpcmNsZSBmaWxsLW9wYWNpdHk9Ii4xIiBmaWxsPSIjMDAwIiBjeD0iMjQ5IiBjeT0iMTcyIiByPSIxMDAiLz4KICAgIDwvZz4KPC9zdmc+Cg==\u00bb position=\u00bbEspecialista en desarrollo rural | Pol\u00edtica y sostenibilidad.\u00bb _builder_version=\u00bb4.27.6&#8243; _module_preset=\u00bbdefault\u00bb theme_builder_area=\u00bbpost_content\u00bb hover_enabled=\u00bb0&#8243; sticky_enabled=\u00bb0&#8243; text_orientation=\u00bbcenter\u00bb][\/et_pb_team_member][\/et_pb_column][\/et_pb_row][\/et_pb_section][et_pb_section fb_built=\u00bb1&#8243; admin_label=\u00bbFooter Copyright\u00bb _builder_version=\u00bb4.24.0&#8243; _module_preset=\u00bbdefault\u00bb background_color=\u00bbgcid-a93f2103-1d8b-43bb-b21d-81d84bba8b15&#8243; custom_padding=\u00bb0px||0px||true|false\u00bb saved_tabs=\u00bball\u00bb collapsed=\u00bbon\u00bb global_colors_info=\u00bb{%22gcid-a93f2103-1d8b-43bb-b21d-81d84bba8b15%22:%91%22background_color%22%93}\u00bb theme_builder_area=\u00bbpost_content\u00bb][et_pb_row _builder_version=\u00bb4.27.6&#8243; _module_preset=\u00bbdefault\u00bb theme_builder_area=\u00bbpost_content\u00bb][et_pb_column _builder_version=\u00bb4.27.6&#8243; _module_preset=\u00bbdefault\u00bb type=\u00bb4_4&#8243; theme_builder_area=\u00bbpost_content\u00bb][et_pb_heading title=\u00bbPROYECTOS RELEVANTES\u00bb _builder_version=\u00bb4.27.6&#8243; _module_preset=\u00bbdefault\u00bb theme_builder_area=\u00bbpost_content\u00bb hover_enabled=\u00bb0&#8243; sticky_enabled=\u00bb0&#8243; title_text_align=\u00bbcenter\u00bb title_font_size=\u00bb60px\u00bb min_height=\u00bb80px\u00bb custom_margin=\u00bb||23px|||\u00bb custom_padding=\u00bb||9px|||\u00bb][\/et_pb_heading][et_pb_text _builder_version=\u00bb4.27.6&#8243; _module_preset=\u00bbdefault\u00bb theme_builder_area=\u00bbpost_content\u00bb hover_enabled=\u00bb0&#8243; sticky_enabled=\u00bb0&#8243;]<\/p>\n<ol class=\"ol1\">\n<li class=\"li1\"><b>An\u00e1lisis nacional del potencial cartera crediticia para realizar emprendimientos forestales en empresas sociales forestales con certificaci\u00f3n del FSC en M\u00e9xico para el Programa de Inversi\u00f3n Forestal (PROINFOR) <\/b><\/li>\n<\/ol>\n<p class=\"p2\">KfW \/ FIRA \/ GFA (2018\u20132019)<b><br \/><\/b><\/p>\n<ol class=\"ol1\">\n<li class=\"li3\"><b><\/b><span class=\"s1\"><b>Desarrollo del plan de negocios para la Sociedad Cooperativa \u201cProductores Asociados de Ahuisculco\u201d destinado a reforestar la ANP \u201cLa Primavera\u201d en Jalisco y elaboraci\u00f3n de un manual y capacitaci\u00f3n para obtener la Certificaci\u00f3n Norma Mexicana 170.<\/b><\/span><\/li>\n<\/ol>\n<p class=\"p4\"><span class=\"s2\">BID \/ <a href=\"https:\/\/selvanegra.org.mx\/\"><span class=\"s3\">Fundaci\u00f3n Ecol\u00f3gica Selva Negra<\/span><span class=\"s4\"> \u2013 ProNatura<\/span><\/a> (2018\u20132019)<\/span><\/p>\n<p class=\"p5\">\n<ol class=\"ol1\">\n<li class=\"li1\"><b>Coordinaci\u00f3n de la Agencia T\u00e9cnica Local (ATL) en Campeche y Yucat\u00e1n del Mecanismo Dedicado Espec\u00edfico para pueblos ind\u00edgenas y comunidades locales (MDE)<\/b><\/li>\n<\/ol>\n<p class=\"p2\">Banco Mundial \/ Rainforest Alliance (2020)<\/p>\n<ol class=\"ol1\">\n<li class=\"li1\"><b>Elaboraci\u00f3n del componente 3 Recuperaci\u00f3n verde: instrumentos de mercado y emprendimientos sostenibles.<\/b><\/li>\n<\/ol>\n<p class=\"p2\">Green Mex \/ BioDiFor \u2013 Recuperaci\u00f3n Verde e Inclusiva en M\u00e9xico<\/p>\n<p class=\"p2\">FAO \/ CONAFOR \/ GEF (2021\u20132022).<\/p>\n<p class=\"p6\">\n<ol class=\"ol1\">\n<li class=\"li1\"><b>Estudio de mercado de productos maderables certificados para el<\/b> <b>Forest Stewardship Council (FSC)<\/b><\/li>\n<\/ol>\n<p class=\"p2\">FSC (2022)<b><br \/><\/b><\/p>\n<ol class=\"ol1\">\n<li class=\"li7\"><span class=\"s5\"><b><\/b><\/span><b>Dise\u00f1o de la estrategia de abasto regional e inversiones en tecnolog\u00eda para agregar valor a las materias primas forestales de ejidos y comunidades forestales de Calakmul y Hopelch\u00e9n en Campeche, y Oth\u00f3n P. Blanco en Quintana Roo<\/b><span class=\"s5\"><b>.<\/b><\/span><\/li>\n<\/ol>\n<p class=\"p2\">TNC 2023<\/p>\n<p class=\"p6\">\n<ol class=\"ol1\">\n<li class=\"li1\"><b>Diagn\u00f3stico para identificar estrategias que promuevan el desarrollo sostenible de las MIPYME y las agroempresas locales<\/b><\/li>\n<\/ol>\n<p class=\"p2\">Proyecto ORIGEN \u2013 Restauraci\u00f3n de Cuencas Hidrogr\u00e1ficas para Ecosistemas y Comunidades<\/p>\n<p class=\"p2\">FMCN \/ Conservaci\u00f3n Internacional \/ GEF (2024)<\/p>\n<ol class=\"ol1\">\n<li class=\"li1\"><b><\/b> <b>Facilitador comercial y operaci\u00f3n de dos fondos de capital de trabajo comunitario para los ejidos forestales Tres Garant\u00edas y Caoba<\/b><span class=\"s6\">.<\/span><\/li>\n<\/ol>\n<p class=\"p2\">TNC (2024)<b><br \/><\/b><\/p>\n<ol class=\"ol1\">\n<li class=\"li1\"><b>Impulso a la adquisici\u00f3n responsable de productos madereros<\/b><\/li>\n<\/ol>\n<p class=\"p2\">CCA (2025)<\/p>\n<p class=\"p2\">Evaluar el nivel de conciencia de los compradores de productos madereros y detectar vac\u00edos en las iniciativas actuales de sensibilizaci\u00f3n a lo largo de la cadena de suministro.<\/p>\n<p class=\"p8\">\n<ol class=\"ol1\">\n<li class=\"li1\"><b><span class=\"Apple-tab-span\"> <\/span>10.<\/b> <b>Dise\u00f1o de una estrategia de fortalecimiento organizacional de la<\/b> <b>Alianza S\u00edijil K\u2019\u00e1ax para el impulso del sector forestal de la Pen\u00ednsula de Yucat\u00e1n<\/b><\/li>\n<\/ol>\n<p class=\"p2\">TNC (2025)<\/p>\n<p class=\"p6\">\n<ol class=\"ol1\">\n<li class=\"li1\"><b><span class=\"Apple-tab-span\"> <\/span>11.<\/b> <b>Investigaci\u00f3n de mercados para la Estrategia de Negocios de Productores Ganaderos Regenerativos de Carne y Leche de la Sierra Occidental de Jalisco.<\/b><\/li>\n<\/ol>\n<p>[\/et_pb_text][\/et_pb_column][\/et_pb_row][\/et_pb_section]<\/p>\n","protected":false},"excerpt":{"rendered":"<p>NOSOTROSFundada en 2019, PR\u00d3ODO (Estructuradora de Nodos Progreso) es una organizaci\u00f3n dedicada a impulsar el desarrollo sostenible en las comunidades forestales de M\u00e9xico. Nuestra labor surge para cerrar la brecha entre los proyectos comunitarios y la viabilidad comercial, transform\u00e1ndolos en redes de valor sostenibles, competitivas y plenamente orientadas al mercado.PROPOSITO &nbsp; Promover el desarrollo sostenible [&hellip;]<\/p>\n","protected":false},"author":1,"featured_media":0,"parent":0,"menu_order":0,"comment_status":"closed","ping_status":"closed","template":"","meta":{"_et_pb_use_builder":"on","_et_pb_old_content":"","_et_gb_content_width":"","footnotes":""},"class_list":["post-229","page","type-page","status-publish","hentry"],"_links":{"self":[{"href":"https:\/\/proodo.mx\/index.php\/wp-json\/wp\/v2\/pages\/229","targetHints":{"allow":["GET"]}}],"collection":[{"href":"https:\/\/proodo.mx\/index.php\/wp-json\/wp\/v2\/pages"}],"about":[{"href":"https:\/\/proodo.mx\/index.php\/wp-json\/wp\/v2\/types\/page"}],"author":[{"embeddable":true,"href":"https:\/\/proodo.mx\/index.php\/wp-json\/wp\/v2\/users\/1"}],"replies":[{"embeddable":true,"href":"https:\/\/proodo.mx\/index.php\/wp-json\/wp\/v2\/comments?post=229"}],"version-history":[{"count":3,"href":"https:\/\/proodo.mx\/index.php\/wp-json\/wp\/v2\/pages\/229\/revisions"}],"predecessor-version":[{"id":239,"href":"https:\/\/proodo.mx\/index.php\/wp-json\/wp\/v2\/pages\/229\/revisions\/239"}],"wp:attachment":[{"href":"https:\/\/proodo.mx\/index.php\/wp-json\/wp\/v2\/media?parent=229"}],"curies":[{"name":"wp","href":"https:\/\/api.w.org\/{rel}","templated":true}]}}